{"id":530,"date":"2022-04-21T17:57:35","date_gmt":"2022-04-21T22:57:35","guid":{"rendered":"https:\/\/nuvaira.com\/careers\/"},"modified":"2022-07-25T15:30:49","modified_gmt":"2022-07-25T20:30:49","slug":"careers","status":"publish","type":"page","link":"https:\/\/nuvaira.com\/fr\/careers\/","title":{"rendered":"Carri\u00e8res"},"content":{"rendered":"<div class=\"nuvairaBlock context-purple\">\n    <div class=\"pageHeroBlok\">\n        <div class=\"container\">\n\n            <h1 class=\"pageHeroBlok__title\">Un m\u00e9tier qui fait la diff\u00e9rence <\/h1>\n                            <div class=\"pageHeroBlok__description | wysiwyg\">\n                    <p><span style=\"font-weight: 400;\">Chez Nuvaira, nous \u0153uvrons au quotidien pour cr\u00e9er des traitements m\u00e9dicaux innovants qui visent \u00e0 am\u00e9liorer la sant\u00e9 et le bien-\u00eatre des patients dans le monde entier. Autrement dit, le travail que nous r\u00e9alisons jour apr\u00e8s jour fait la diff\u00e9rence. <\/span><\/p>\n                <\/div>\n            \n                        \n                            <div class=\"mt-16\">\n                                                <a class=\"btn btn--translucent\" href=\"https:\/\/nuvaira.com\/fr\/about-us\/\" >\n        En savoir plus sur Nuvaira <i class=\"far fa-arrow-right\"><\/i>\n    <\/a>\n                                        <\/div>\n            \n            \n\n        <\/div>\n    <\/div>\n<\/div>\n\n<div class=\"nuvairaBlock | --space-top-regular --space-bot-regular --bg-white context-white\">\n<div class=\"container\">\n\n    <div class=\"twoCols twoCols--reverse\">\n        <div class=\"twoCols__col\">\n                <div class=\"sectionHeading\">\n        <div class=\"sectionHeading__content\">\n                                        <h2 class=\"h-2\">Rejoignez l\u2019\u00e9quipe Nuvaira<\/h2>\n                    <\/div>\n    <\/div>\n\n            <div class=\"mt-32 wysiwyg\">\n            <p><span style=\"font-weight: 400;\">Nous sommes une \u00e9quipe internationale passionn\u00e9e par l\u2019innovation, constamment \u00e0 la recherche de personnes talentueuses et dynamiques pour nous aider \u00e0 fa\u00e7onner l\u2019avenir du traitement des maladies pulmonaires obstructives. Nous proposons un environnement de travail collaboratif dans lequel la voix de chacun(e) est entendue et les contributions individuelles sont reconnues et c\u00e9l\u00e9br\u00e9es. Nous croyons en la responsabilisation de nos employ\u00e9s et nous mettons tout en \u0153uvre pour assurer leur \u00e9panouissement et d\u00e9veloppement professionnels. <\/span><\/p>\n        <\/div>\n    \n                <\/div>\n        <div class=\"twoCols__col\">\n                <div class=\"media  media--4-6\">\n\n        <img loading=\"lazy\" decoding=\"async\" width=\"1024\" height=\"683\" src=\"https:\/\/nuvaira.com\/wp-content\/uploads\/2022\/04\/contact-image-1024x683.jpg\" class=\"attachment-large size-large\" alt=\"Build careers at Nuvaira\" srcset=\"https:\/\/nuvaira.com\/wp-content\/uploads\/2022\/04\/contact-image-1024x683.jpg 1024w, https:\/\/nuvaira.com\/wp-content\/uploads\/2022\/04\/contact-image-300x200.jpg 300w, https:\/\/nuvaira.com\/wp-content\/uploads\/2022\/04\/contact-image-768x512.jpg 768w, https:\/\/nuvaira.com\/wp-content\/uploads\/2022\/04\/contact-image.jpg 1200w\" sizes=\"auto, (max-width: 1024px) 100vw, 1024px\" \/>\n            <\/div>\n\n    \n            <\/div>\n    <\/div>\n\n<\/div>\n\n\n<\/div><!-- Nuvaira Block End -->\n\n\n<div class=\"nuvairaBlock | --space-top-regular --space-bot-regular --bg-gray context-gray --previous-regular\">\n<div class=\"container\">\n\n    <div class=\"jobsBlok\">\n\n        <div class=\"jobsBlok__heading\">\n                            <h2 class=\"h-2\">Nos offres d\u2019emploi actuelles <\/h2>\n            \n                            <div class=\"wysiwyg mt-32\">Nuvaira propose une r\u00e9mun\u00e9ration et des avantages sociaux concurrentiels et est fi\u00e8re d\u2019\u00eatre un employeur souscrivant au principe d\u2019\u00e9galit\u00e9 d\u2019acc\u00e8s \u00e0 l\u2019emploi. Veuillez envoyer votre CV directement \u00e0 hr@nuvaira.com en indiquant le poste concern\u00e9 dans la ligne objet.<\/div>\n                    <\/div>\n\n        <div class=\"jobsBlok__list | mt-32\">\n                    <\/div>\n\n    <\/div>\n\n<\/div>\n\n<\/div><!-- Nuvaira Block End -->\n\n\n\n<div class=\"nuvairaBlock | --space-top-regular --space-bot-regular --bg-purple context-purple --previous-regular\">    <div class=\"container\">\n        <div class=\"twoCols twoCols--top \">\n\n            <div class=\"twoCols__col\">\n                <div class=\"sectionHeading\">\n                    <div class=\"sectionHeading__content\">\n                                                <h2 class=\"h-2\">\n                            Avis aux recruteurs                        <\/h2>\n                    <\/div>\n                <\/div>\n            <\/div>\n\n            <div class=\"twoCols__col\">\n                <div class=\"wysiwyg\">\n                    <p><span style=\"font-weight: 400;\">Les recruteurs, y compris les agences de recrutement et\/ou les chasseurs de t\u00eates, doivent avoir sign\u00e9 un contrat \u00e9crit avec Nuvaira avant de soumettre des candidatures. Nuvaira refuse tout CV soumis par des recruteurs si ces derniers n\u2019ont pas \u00e9tabli un contrat \u00e9crit avec Nuvaira, et ne leur versera aucune commission en l\u2019absence d\u2019un contrat valide et sign\u00e9. Si vous souhaitez \u00e9tablir un contrat de recrutement avec Nuvaira, veuillez contacter le service des Ressources humaines \u00e0 hr@nuvaira.com. Nous vous remercions de l\u2019int\u00e9r\u00eat que vous portez \u00e0 Nuvaira.<\/span><\/p>\n                <\/div>\n\n                            <\/div>\n        <\/div>\n    <\/div>\n<\/div><!-- Nuvaira Block End -->","protected":false},"excerpt":{"rendered":"","protected":false},"author":1,"featured_media":0,"parent":0,"menu_order":0,"comment_status":"closed","ping_status":"closed","template":"","meta":{"_acf_changed":false,"footnotes":""},"class_list":["post-530","page","type-page","status-publish","hentry"],"acf":[],"yoast_head":"<!-- This site is optimized with the Yoast SEO plugin v27.3 - https:\/\/yoast.com\/product\/yoast-seo-wordpress\/ -->\n<title>Carri\u00e8res - Nuvaira<\/title>\n<meta name=\"description\" content=\"Nous \u0153uvrons au quotidien pour cr\u00e9er des traitements m\u00e9dicaux innovants qui visent \u00e0 am\u00e9liorer la sant\u00e9 et le bien-\u00eatre des patients dans le monde entier.\" \/>\n<meta name=\"robots\" content=\"index, follow, max-snippet:-1, max-image-preview:large, max-video-preview:-1\" \/>\n<link rel=\"canonical\" href=\"https:\/\/nuvaira.com\/fr\/careers\/\" \/>\n<meta property=\"og:locale\" content=\"fr_FR\" \/>\n<meta property=\"og:type\" content=\"article\" \/>\n<meta property=\"og:title\" content=\"Carri\u00e8res - Nuvaira\" \/>\n<meta property=\"og:description\" content=\"Nous \u0153uvrons au quotidien pour cr\u00e9er des traitements m\u00e9dicaux innovants qui visent \u00e0 am\u00e9liorer la sant\u00e9 et le bien-\u00eatre des patients dans le monde entier.\" \/>\n<meta property=\"og:url\" content=\"https:\/\/nuvaira.com\/fr\/careers\/\" \/>\n<meta property=\"og:site_name\" content=\"Nuvaira\" \/>\n<meta property=\"article:modified_time\" content=\"2022-07-25T20:30:49+00:00\" \/>\n<meta name=\"twitter:card\" content=\"summary_large_image\" \/>\n<script type=\"application\/ld+json\" class=\"yoast-schema-graph\">{\"@context\":\"https:\\\/\\\/schema.org\",\"@graph\":[{\"@type\":\"WebPage\",\"@id\":\"https:\\\/\\\/nuvaira.com\\\/fr\\\/careers\\\/\",\"url\":\"https:\\\/\\\/nuvaira.com\\\/fr\\\/careers\\\/\",\"name\":\"Carri\u00e8res - Nuvaira\",\"isPartOf\":{\"@id\":\"https:\\\/\\\/nuvaira.com\\\/fr\\\/#website\"},\"datePublished\":\"2022-04-21T22:57:35+00:00\",\"dateModified\":\"2022-07-25T20:30:49+00:00\",\"description\":\"Nous \u0153uvrons au quotidien pour cr\u00e9er des traitements m\u00e9dicaux innovants qui visent \u00e0 am\u00e9liorer la sant\u00e9 et le bien-\u00eatre des patients dans le monde entier.\",\"breadcrumb\":{\"@id\":\"https:\\\/\\\/nuvaira.com\\\/fr\\\/careers\\\/#breadcrumb\"},\"inLanguage\":\"fr-FR\",\"potentialAction\":[{\"@type\":\"ReadAction\",\"target\":[\"https:\\\/\\\/nuvaira.com\\\/fr\\\/careers\\\/\"]}]},{\"@type\":\"BreadcrumbList\",\"@id\":\"https:\\\/\\\/nuvaira.com\\\/fr\\\/careers\\\/#breadcrumb\",\"itemListElement\":[{\"@type\":\"ListItem\",\"position\":1,\"name\":\"Home\",\"item\":\"https:\\\/\\\/nuvaira.com\\\/fr\\\/\"},{\"@type\":\"ListItem\",\"position\":2,\"name\":\"Carri\u00e8res\"}]},{\"@type\":\"WebSite\",\"@id\":\"https:\\\/\\\/nuvaira.com\\\/fr\\\/#website\",\"url\":\"https:\\\/\\\/nuvaira.com\\\/fr\\\/\",\"name\":\"Nuvaira\",\"description\":\"\",\"potentialAction\":[{\"@type\":\"SearchAction\",\"target\":{\"@type\":\"EntryPoint\",\"urlTemplate\":\"https:\\\/\\\/nuvaira.com\\\/fr\\\/?s={search_term_string}\"},\"query-input\":{\"@type\":\"PropertyValueSpecification\",\"valueRequired\":true,\"valueName\":\"search_term_string\"}}],\"inLanguage\":\"fr-FR\"}]}<\/script>\n<!-- \/ Yoast SEO plugin. -->","yoast_head_json":{"title":"Carri\u00e8res - Nuvaira","description":"Nous \u0153uvrons au quotidien pour cr\u00e9er des traitements m\u00e9dicaux innovants qui visent \u00e0 am\u00e9liorer la sant\u00e9 et le bien-\u00eatre des patients dans le monde entier.","robots":{"index":"index","follow":"follow","max-snippet":"max-snippet:-1","max-image-preview":"max-image-preview:large","max-video-preview":"max-video-preview:-1"},"canonical":"https:\/\/nuvaira.com\/fr\/careers\/","og_locale":"fr_FR","og_type":"article","og_title":"Carri\u00e8res - Nuvaira","og_description":"Nous \u0153uvrons au quotidien pour cr\u00e9er des traitements m\u00e9dicaux innovants qui visent \u00e0 am\u00e9liorer la sant\u00e9 et le bien-\u00eatre des patients dans le monde entier.","og_url":"https:\/\/nuvaira.com\/fr\/careers\/","og_site_name":"Nuvaira","article_modified_time":"2022-07-25T20:30:49+00:00","twitter_card":"summary_large_image","schema":{"@context":"https:\/\/schema.org","@graph":[{"@type":"WebPage","@id":"https:\/\/nuvaira.com\/fr\/careers\/","url":"https:\/\/nuvaira.com\/fr\/careers\/","name":"Carri\u00e8res - Nuvaira","isPartOf":{"@id":"https:\/\/nuvaira.com\/fr\/#website"},"datePublished":"2022-04-21T22:57:35+00:00","dateModified":"2022-07-25T20:30:49+00:00","description":"Nous \u0153uvrons au quotidien pour cr\u00e9er des traitements m\u00e9dicaux innovants qui visent \u00e0 am\u00e9liorer la sant\u00e9 et le bien-\u00eatre des patients dans le monde entier.","breadcrumb":{"@id":"https:\/\/nuvaira.com\/fr\/careers\/#breadcrumb"},"inLanguage":"fr-FR","potentialAction":[{"@type":"ReadAction","target":["https:\/\/nuvaira.com\/fr\/careers\/"]}]},{"@type":"BreadcrumbList","@id":"https:\/\/nuvaira.com\/fr\/careers\/#breadcrumb","itemListElement":[{"@type":"ListItem","position":1,"name":"Home","item":"https:\/\/nuvaira.com\/fr\/"},{"@type":"ListItem","position":2,"name":"Carri\u00e8res"}]},{"@type":"WebSite","@id":"https:\/\/nuvaira.com\/fr\/#website","url":"https:\/\/nuvaira.com\/fr\/","name":"Nuvaira","description":"","potentialAction":[{"@type":"SearchAction","target":{"@type":"EntryPoint","urlTemplate":"https:\/\/nuvaira.com\/fr\/?s={search_term_string}"},"query-input":{"@type":"PropertyValueSpecification","valueRequired":true,"valueName":"search_term_string"}}],"inLanguage":"fr-FR"}]}},"_links":{"self":[{"href":"https:\/\/nuvaira.com\/fr\/wp-json\/wp\/v2\/pages\/530","targetHints":{"allow":["GET"]}}],"collection":[{"href":"https:\/\/nuvaira.com\/fr\/wp-json\/wp\/v2\/pages"}],"about":[{"href":"https:\/\/nuvaira.com\/fr\/wp-json\/wp\/v2\/types\/page"}],"author":[{"embeddable":true,"href":"https:\/\/nuvaira.com\/fr\/wp-json\/wp\/v2\/users\/1"}],"replies":[{"embeddable":true,"href":"https:\/\/nuvaira.com\/fr\/wp-json\/wp\/v2\/comments?post=530"}],"version-history":[{"count":0,"href":"https:\/\/nuvaira.com\/fr\/wp-json\/wp\/v2\/pages\/530\/revisions"}],"wp:attachment":[{"href":"https:\/\/nuvaira.com\/fr\/wp-json\/wp\/v2\/media?parent=530"}],"curies":[{"name":"wp","href":"https:\/\/api.w.org\/{rel}","templated":true}]}}