{"id":534,"date":"2022-04-22T15:08:30","date_gmt":"2022-04-22T20:08:30","guid":{"rendered":"https:\/\/nuvaira.com\/contact-us\/"},"modified":"2022-07-27T11:51:16","modified_gmt":"2022-07-27T16:51:16","slug":"contact-us","status":"publish","type":"page","link":"https:\/\/nuvaira.com\/fr\/contact-us\/","title":{"rendered":"Nous contacter"},"content":{"rendered":"<div class=\"nuvairaBlock context-purple\">\n    <div class=\"pageHeroBlok\">\n        <div class=\"container\">\n\n            <h1 class=\"pageHeroBlok__title\">Nous contacter <\/h1>\n                            <div class=\"pageHeroBlok__description | wysiwyg\">\n                    <p>Si vous \u00eates un professionnel de sant\u00e9, vous pouvez utiliser le formulaire ci-dessous pour obtenir des informations sur le r\u00e9f\u00e9rencement des patients, acc\u00e9der \u00e0 de la documentation ou \u00eatre tenu inform\u00e9 des mises \u00e0 jour importantes concernant Nuvaira.<\/p>\n<p>Si vous \u00eates un patient, que vous souhaitez de plus amples informations et savoir si vous \u00eates \u00e9ligible au protocole en cours, veuillez cliquer sur le lien suivant.<\/p>\n                <\/div>\n            \n                        \n                            <div class=\"mt-16\">\n                                                <a class=\"btn btn--translucent\" href=\"https:\/\/airflowtrial.com\/\" target=\"_blank\">\n        Information pour les patients <i class=\"far fa-arrow-right\"><\/i>\n    <\/a>\n                                        <\/div>\n            \n            \n\n        <\/div>\n    <\/div>\n<\/div>\n\n\n<div class=\"nuvairaBlock | --space-top-regular --space-bot-regular --bg-white context-white\">\n<div class=\"container\">\n    <div class=\"contactBlok\">\n        <div class=\"contactBlok__form\">\n                            <script>\nvar gform;gform||(document.addEventListener(\"gform_main_scripts_loaded\",function(){gform.scriptsLoaded=!0}),document.addEventListener(\"gform\/theme\/scripts_loaded\",function(){gform.themeScriptsLoaded=!0}),window.addEventListener(\"DOMContentLoaded\",function(){gform.domLoaded=!0}),gform={domLoaded:!1,scriptsLoaded:!1,themeScriptsLoaded:!1,isFormEditor:()=>\"function\"==typeof InitializeEditor,callIfLoaded:function(o){return!(!gform.domLoaded||!gform.scriptsLoaded||!gform.themeScriptsLoaded&&!gform.isFormEditor()||(gform.isFormEditor()&&console.warn(\"The use of gform.initializeOnLoaded() is deprecated in the form editor context and will be removed in Gravity Forms 3.1.\"),o(),0))},initializeOnLoaded:function(o){gform.callIfLoaded(o)||(document.addEventListener(\"gform_main_scripts_loaded\",()=>{gform.scriptsLoaded=!0,gform.callIfLoaded(o)}),document.addEventListener(\"gform\/theme\/scripts_loaded\",()=>{gform.themeScriptsLoaded=!0,gform.callIfLoaded(o)}),window.addEventListener(\"DOMContentLoaded\",()=>{gform.domLoaded=!0,gform.callIfLoaded(o)}))},hooks:{action:{},filter:{}},addAction:function(o,r,e,t){gform.addHook(\"action\",o,r,e,t)},addFilter:function(o,r,e,t){gform.addHook(\"filter\",o,r,e,t)},doAction:function(o){gform.doHook(\"action\",o,arguments)},applyFilters:function(o){return gform.doHook(\"filter\",o,arguments)},removeAction:function(o,r){gform.removeHook(\"action\",o,r)},removeFilter:function(o,r,e){gform.removeHook(\"filter\",o,r,e)},addHook:function(o,r,e,t,n){null==gform.hooks[o][r]&&(gform.hooks[o][r]=[]);var d=gform.hooks[o][r];null==n&&(n=r+\"_\"+d.length),gform.hooks[o][r].push({tag:n,callable:e,priority:t=null==t?10:t})},doHook:function(r,o,e){var t;if(e=Array.prototype.slice.call(e,1),null!=gform.hooks[r][o]&&((o=gform.hooks[r][o]).sort(function(o,r){return o.priority-r.priority}),o.forEach(function(o){\"function\"!=typeof(t=o.callable)&&(t=window[t]),\"action\"==r?t.apply(null,e):e[0]=t.apply(null,e)})),\"filter\"==r)return e[0]},removeHook:function(o,r,t,n){var e;null!=gform.hooks[o][r]&&(e=(e=gform.hooks[o][r]).filter(function(o,r,e){return!!(null!=n&&n!=o.tag||null!=t&&t!=o.priority)}),gform.hooks[o][r]=e)}});\n<\/script>\n\n                <div class='gf_browser_gecko gform_wrapper gravity-theme gform-theme--no-framework' data-form-theme='gravity-theme' data-form-index='0' id='gform_wrapper_2' >\n                        <div class='gform_heading'>\n\t\t\t\t\t\t\t<p class='gform_required_legend'>\u00ab\u00a0<span class=\"gfield_required gfield_required_asterisk\">*<\/span>\u00a0\u00bb indique les champs n\u00e9cessaires<\/p>\n                        <\/div><form method='post' enctype='multipart\/form-data'  id='gform_2'  action='\/fr\/wp-json\/wp\/v2\/pages\/534' data-formid='2' novalidate>\n                        <div class='gform-body gform_body'><div id='gform_fields_2' class='gform_fields top_label form_sublabel_below description_below validation_below'><div id=\"field_2_1\" class=\"gfield gfield--type-text gfield--width-half gfield_contains_required field_sublabel_below gfield--no-description field_description_below field_validation_below gfield_visibility_visible\"  ><label class='gfield_label gform-field-label' for='input_2_1'>Pr\u00e9nom<span class=\"gfield_required\"><span class=\"gfield_required gfield_required_asterisk\">*<\/span><\/span><\/label><div class='ginput_container ginput_container_text'><input name='input_1' id='input_2_1' type='text' value='' class='large'     aria-required=\"true\" aria-invalid=\"false\"   \/><\/div><\/div><div id=\"field_2_2\" class=\"gfield gfield--type-text gfield--width-half gfield_contains_required field_sublabel_below gfield--no-description field_description_below field_validation_below gfield_visibility_visible\"  ><label class='gfield_label gform-field-label' for='input_2_2'>Nom<span class=\"gfield_required\"><span class=\"gfield_required gfield_required_asterisk\">*<\/span><\/span><\/label><div class='ginput_container ginput_container_text'><input name='input_2' id='input_2_2' type='text' value='' class='large'     aria-required=\"true\" aria-invalid=\"false\"   \/><\/div><\/div><div id=\"field_2_3\" class=\"gfield gfield--type-text gfield--width-full gfield_contains_required field_sublabel_below gfield--no-description field_description_below field_validation_below gfield_visibility_visible\"  ><label class='gfield_label gform-field-label' for='input_2_3'>\u00c9tablissement<span class=\"gfield_required\"><span class=\"gfield_required gfield_required_asterisk\">*<\/span><\/span><\/label><div class='ginput_container ginput_container_text'><input name='input_3' id='input_2_3' type='text' value='' class='large'    placeholder='nom de l\u2019h\u00f4pital ou de la soci\u00e9t\u00e9' aria-required=\"true\" aria-invalid=\"false\"   \/><\/div><\/div><div id=\"field_2_4\" class=\"gfield gfield--type-text gfield--width-full gfield_contains_required field_sublabel_below gfield--no-description field_description_below field_validation_below gfield_visibility_visible\"  ><label class='gfield_label gform-field-label' for='input_2_4'>Ville<span class=\"gfield_required\"><span class=\"gfield_required gfield_required_asterisk\">*<\/span><\/span><\/label><div class='ginput_container ginput_container_text'><input name='input_4' id='input_2_4' type='text' value='' class='large'     aria-required=\"true\" aria-invalid=\"false\"   \/><\/div><\/div><div id=\"field_2_5\" class=\"gfield gfield--type-text gfield--width-full gfield_contains_required field_sublabel_below gfield--no-description field_description_below field_validation_below gfield_visibility_visible\"  ><label class='gfield_label gform-field-label' for='input_2_5'>Pays<span class=\"gfield_required\"><span class=\"gfield_required gfield_required_asterisk\">*<\/span><\/span><\/label><div class='ginput_container ginput_container_text'><input name='input_5' id='input_2_5' type='text' value='' class='large'     aria-required=\"true\" aria-invalid=\"false\"   \/><\/div><\/div><div id=\"field_2_6\" class=\"gfield gfield--type-email gfield--width-full gfield_contains_required field_sublabel_below gfield--no-description field_description_below field_validation_below gfield_visibility_visible\"  ><label class='gfield_label gform-field-label' for='input_2_6'>E-mail<span class=\"gfield_required\"><span class=\"gfield_required gfield_required_asterisk\">*<\/span><\/span><\/label><div class='ginput_container ginput_container_email'>\n                            <input name='input_6' id='input_2_6' type='email' value='' class='large'    aria-required=\"true\" aria-invalid=\"false\"  \/>\n                        <\/div><\/div><fieldset id=\"field_2_7\" class=\"gfield gfield--type-checkbox gfield--type-choice gfield--width-full gfield_contains_required field_sublabel_below gfield--no-description field_description_below field_validation_below gfield_visibility_visible\"  ><legend class='gfield_label gform-field-label gfield_label_before_complex' >Int\u00e9r\u00eat<span class=\"gfield_required\"><span class=\"gfield_required gfield_required_asterisk\">*<\/span><\/span><\/legend><div class='ginput_container ginput_container_checkbox'><div class='gfield_checkbox ' id='input_2_7'><div class='gchoice gchoice_2_7_1'>\n\t\t\t\t\t\t\t\t<input class='gfield-choice-input' name='input_7.1' type='checkbox'  value='Renseignements sur l\u2019orientation des patients'  id='choice_2_7_1'   \/>\n\t\t\t\t\t\t\t\t<label for='choice_2_7_1' id='label_2_7_1' class='gform-field-label gform-field-label--type-inline'>Renseignements sur l\u2019orientation des patients<\/label>\n\t\t\t\t\t\t\t<\/div><div class='gchoice gchoice_2_7_2'>\n\t\t\t\t\t\t\t\t<input class='gfield-choice-input' name='input_7.2' type='checkbox'  value='Participation \u00e0 un essai clinique'  id='choice_2_7_2'   \/>\n\t\t\t\t\t\t\t\t<label for='choice_2_7_2' id='label_2_7_2' class='gform-field-label gform-field-label--type-inline'>Participation \u00e0 un essai clinique<\/label>\n\t\t\t\t\t\t\t<\/div><div class='gchoice gchoice_2_7_3'>\n\t\t\t\t\t\t\t\t<input class='gfield-choice-input' name='input_7.3' type='checkbox'  value='Dossier de presse de Nuvaira'  id='choice_2_7_3'   \/>\n\t\t\t\t\t\t\t\t<label for='choice_2_7_3' id='label_2_7_3' class='gform-field-label gform-field-label--type-inline'>Dossier de presse de Nuvaira<\/label>\n\t\t\t\t\t\t\t<\/div><div class='gchoice gchoice_2_7_4'>\n\t\t\t\t\t\t\t\t<input class='gfield-choice-input' name='input_7.4' type='checkbox'  value='Informations g\u00e9n\u00e9rales sur la soci\u00e9t\u00e9'  id='choice_2_7_4'   \/>\n\t\t\t\t\t\t\t\t<label for='choice_2_7_4' id='label_2_7_4' class='gform-field-label gform-field-label--type-inline'>Informations g\u00e9n\u00e9rales sur la soci\u00e9t\u00e9<\/label>\n\t\t\t\t\t\t\t<\/div><div class='gchoice gchoice_2_7_5'>\n\t\t\t\t\t\t\t\t<input class='gfield-choice-input' name='input_7.5' type='checkbox'  value='Autre'  id='choice_2_7_5'   \/>\n\t\t\t\t\t\t\t\t<label for='choice_2_7_5' id='label_2_7_5' class='gform-field-label gform-field-label--type-inline'>Autre<\/label>\n\t\t\t\t\t\t\t<\/div><\/div><\/div><\/fieldset><div id=\"field_2_8\" class=\"gfield gfield--type-textarea gfield--width-full gfield_contains_required field_sublabel_below gfield--no-description field_description_below field_validation_below gfield_visibility_visible\"  ><label class='gfield_label gform-field-label' for='input_2_8'>Commentaires<span class=\"gfield_required\"><span class=\"gfield_required gfield_required_asterisk\">*<\/span><\/span><\/label><div class='ginput_container ginput_container_textarea'><textarea name='input_8' id='input_2_8' class='textarea large'     aria-required=\"true\" aria-invalid=\"false\"   rows='10' cols='50'><\/textarea><\/div><\/div><div id=\"field_2_10\" class=\"gfield gfield--type-html gfield--width-full gfield_html gfield_html_formatted gfield_no_follows_desc field_sublabel_below gfield--no-description field_description_below field_validation_below gfield_visibility_visible\"  >* Indique un champ obligatoire<\/div><div id=\"field_2_9\" class=\"gfield gfield--type-captcha gfield--width-full field_sublabel_below gfield--no-description field_description_below field_validation_below gfield_visibility_visible\"  ><label class='gfield_label gform-field-label' for='input_2_9'>Veuillez cocher la case ci-dessous<\/label><div id='input_2_9' class='ginput_container ginput_recaptcha' data-sitekey='6Lew6Z4fAAAAACeQ0KyiCPC3uFkjDAJh4iP7JIb9'  data-theme='light' data-tabindex='0'  data-badge=''><\/div><\/div><\/div><\/div>\n        <div class='gform-footer gform_footer top_label'> <button type=\"submit\" id=\"gform_submit_button_2\" class=\"gform_button button\" onclick=\"gform.submission.handleButtonClick(this);\" data-submission-type=\"submit\">Envoyer<\/button> \n            <input type='hidden' class='gform_hidden' name='gform_submission_method' data-js='gform_submission_method_2' value='postback' \/>\n            <input type='hidden' class='gform_hidden' name='gform_theme' data-js='gform_theme_2' id='gform_theme_2' value='gravity-theme' \/>\n            <input type='hidden' class='gform_hidden' name='gform_style_settings' data-js='gform_style_settings_2' id='gform_style_settings_2' value='' \/>\n            <input type='hidden' class='gform_hidden' name='is_submit_2' value='1' \/>\n            <input type='hidden' class='gform_hidden' name='gform_submit' value='2' \/>\n            \n            <input type='hidden' class='gform_hidden' name='gform_currency' data-currency='USD' value='DwjNV92bYpNJ7LmBL6pkFJRhY7pYuxIjb2BWh1\/zmgQtqmbsMhfk7cD2d2kLFjVkWTe+YZlb4dmGc2tGtFSQqIoCMVBQoPX8uTZx3zXIV7ek9uw=' \/>\n            <input type='hidden' class='gform_hidden' name='gform_unique_id' value='' \/>\n            <input type='hidden' class='gform_hidden' name='state_2' value='WyJbXSIsImVkMDJjZDBlMGVjZjg4ODVjMmMwNTViMmRkMDFiODAzIl0=' \/>\n            <input type='hidden' autocomplete='off' class='gform_hidden' name='gform_target_page_number_2' id='gform_target_page_number_2' value='0' \/>\n            <input type='hidden' autocomplete='off' class='gform_hidden' name='gform_source_page_number_2' id='gform_source_page_number_2' value='1' \/>\n            <input type='hidden' name='gform_field_values' value='' \/>\n            \n        <\/div>\n                        <\/form>\n                        <\/div><script>\ngform.initializeOnLoaded( function() {gformInitSpinner( 2, 'https:\/\/nuvaira.com\/wp-content\/plugins\/gravityforms\/images\/spinner.svg', true );jQuery('#gform_ajax_frame_2').on('load',function(){var contents = jQuery(this).contents().find('*').html();var is_postback = contents.indexOf('GF_AJAX_POSTBACK') >= 0;if(!is_postback){return;}var form_content = jQuery(this).contents().find('#gform_wrapper_2');var is_confirmation = jQuery(this).contents().find('#gform_confirmation_wrapper_2').length > 0;var is_redirect = contents.indexOf('gformRedirect(){') >= 0;var is_form = form_content.length > 0 && ! is_redirect && ! is_confirmation;var mt = parseInt(jQuery('html').css('margin-top'), 10) + parseInt(jQuery('body').css('margin-top'), 10) + 100;if(is_form){jQuery('#gform_wrapper_2').html(form_content.html());if(form_content.hasClass('gform_validation_error')){jQuery('#gform_wrapper_2').addClass('gform_validation_error');} else {jQuery('#gform_wrapper_2').removeClass('gform_validation_error');}setTimeout( function() { \/* delay the scroll by 50 milliseconds to fix a bug in chrome *\/  }, 50 );if(window['gformInitDatepicker']) {gformInitDatepicker();}if(window['gformInitPriceFields']) {gformInitPriceFields();}var current_page = jQuery('#gform_source_page_number_2').val();gformInitSpinner( 2, 'https:\/\/nuvaira.com\/wp-content\/plugins\/gravityforms\/images\/spinner.svg', true );jQuery(document).trigger('gform_page_loaded', [2, current_page]);window['gf_submitting_2'] = false;}else if(!is_redirect){var confirmation_content = jQuery(this).contents().find('.GF_AJAX_POSTBACK').html();if(!confirmation_content){confirmation_content = contents;}jQuery('#gform_wrapper_2').replaceWith(confirmation_content);jQuery(document).trigger('gform_confirmation_loaded', [2]);window['gf_submitting_2'] = false;wp.a11y.speak(jQuery('#gform_confirmation_message_2').text());}else{jQuery('#gform_2').append(contents);if(window['gformRedirect']) {gformRedirect();}}jQuery(document).trigger(\"gform_pre_post_render\", [{ formId: \"2\", currentPage: \"current_page\", abort: function() { this.preventDefault(); } }]);        if (event && event.defaultPrevented) {                return;        }        const gformWrapperDiv = document.getElementById( \"gform_wrapper_2\" );        if ( gformWrapperDiv ) {            const visibilitySpan = document.createElement( \"span\" );            visibilitySpan.id = \"gform_visibility_test_2\";            gformWrapperDiv.insertAdjacentElement( \"afterend\", visibilitySpan );        }        const visibilityTestDiv = document.getElementById( \"gform_visibility_test_2\" );        let postRenderFired = false;        function triggerPostRender() {            if ( postRenderFired ) {                return;            }            postRenderFired = true;            gform.core.triggerPostRenderEvents( 2, current_page );            if ( visibilityTestDiv ) {                visibilityTestDiv.parentNode.removeChild( visibilityTestDiv );            }        }        function debounce( func, wait, immediate ) {            var timeout;            return function() {                var context = this, args = arguments;                var later = function() {                    timeout = null;                    if ( !immediate ) func.apply( context, args );                };                var callNow = immediate && !timeout;                clearTimeout( timeout );                timeout = setTimeout( later, wait );                if ( callNow ) func.apply( context, args );            };        }        const debouncedTriggerPostRender = debounce( function() {            triggerPostRender();        }, 200 );        if ( visibilityTestDiv && visibilityTestDiv.offsetParent === null ) {            const observer = new MutationObserver( ( mutations ) => {                mutations.forEach( ( mutation ) => {                    if ( mutation.type === 'attributes' && visibilityTestDiv.offsetParent !== null ) {                        debouncedTriggerPostRender();                        observer.disconnect();                    }                });            });            observer.observe( document.body, {                attributes: true,                childList: false,                subtree: true,                attributeFilter: [ 'style', 'class' ],            });        } else {            triggerPostRender();        }    } );} );\n<\/script>\n                    <\/div>\n\n        <div class=\"contactBlok__content\">\n                <div class=\"media  media--2-3\">\n\n        <img loading=\"lazy\" decoding=\"async\" width=\"1024\" height=\"683\" src=\"https:\/\/nuvaira.com\/wp-content\/uploads\/2022\/04\/contact-image-1024x683.jpg\" class=\"attachment-large size-large\" alt=\"Build careers at Nuvaira\" srcset=\"https:\/\/nuvaira.com\/wp-content\/uploads\/2022\/04\/contact-image-1024x683.jpg 1024w, https:\/\/nuvaira.com\/wp-content\/uploads\/2022\/04\/contact-image-300x200.jpg 300w, https:\/\/nuvaira.com\/wp-content\/uploads\/2022\/04\/contact-image-768x512.jpg 768w, https:\/\/nuvaira.com\/wp-content\/uploads\/2022\/04\/contact-image.jpg 1200w\" sizes=\"auto, (max-width: 1024px) 100vw, 1024px\" \/>\n            <\/div>\n\n    \n    \n                            <div class=\"mt-48 wysiwyg\">\n                    <p><strong>Nuvaira Inc.<\/strong><br \/>\n6500 Wedgwood Rd N, #100<br \/>\nMinneapolis, MN 55311<\/p>\n<p>Phone<br \/>\n<a href=\"tel:+17634502800\">763.450.2800<\/a><\/p>\n<p>Email<br \/>\n<a href=\"mailto:info@nuvaira.com\">info@nuvaira.com<\/a><\/p>\n                <\/div>\n                    <\/div>\n\n    <\/div>\n<\/div>\n\n<\/div><!-- Nuvaira Block End -->\n","protected":false},"excerpt":{"rendered":"","protected":false},"author":1,"featured_media":0,"parent":0,"menu_order":0,"comment_status":"closed","ping_status":"closed","template":"","meta":{"_acf_changed":false,"footnotes":""},"class_list":["post-534","page","type-page","status-publish","hentry"],"acf":[],"yoast_head":"<!-- This site is optimized with the Yoast SEO plugin v27.3 - https:\/\/yoast.com\/product\/yoast-seo-wordpress\/ -->\n<title>Nous contacter - Nuvaira<\/title>\n<meta name=\"description\" content=\"Obtenir des informations sur le r\u00e9f\u00e9rencement des patients, acc\u00e9der \u00e0 de la documentation ou \u00eatre tenu inform\u00e9 des mises \u00e0 jour importantes concernant Nuvaira.\" \/>\n<meta name=\"robots\" content=\"index, follow, max-snippet:-1, max-image-preview:large, max-video-preview:-1\" \/>\n<link rel=\"canonical\" href=\"https:\/\/nuvaira.com\/fr\/contact-us\/\" \/>\n<meta property=\"og:locale\" content=\"fr_FR\" \/>\n<meta property=\"og:type\" content=\"article\" \/>\n<meta property=\"og:title\" content=\"Nous contacter - Nuvaira\" \/>\n<meta property=\"og:description\" content=\"Obtenir des informations sur le r\u00e9f\u00e9rencement des patients, acc\u00e9der \u00e0 de la documentation ou \u00eatre tenu inform\u00e9 des mises \u00e0 jour importantes concernant Nuvaira.\" \/>\n<meta property=\"og:url\" content=\"https:\/\/nuvaira.com\/fr\/contact-us\/\" \/>\n<meta property=\"og:site_name\" content=\"Nuvaira\" \/>\n<meta property=\"article:modified_time\" content=\"2022-07-27T16:51:16+00:00\" \/>\n<meta name=\"twitter:card\" content=\"summary_large_image\" \/>\n<script type=\"application\/ld+json\" class=\"yoast-schema-graph\">{\"@context\":\"https:\\\/\\\/schema.org\",\"@graph\":[{\"@type\":\"WebPage\",\"@id\":\"https:\\\/\\\/nuvaira.com\\\/fr\\\/contact-us\\\/\",\"url\":\"https:\\\/\\\/nuvaira.com\\\/fr\\\/contact-us\\\/\",\"name\":\"Nous contacter - Nuvaira\",\"isPartOf\":{\"@id\":\"https:\\\/\\\/nuvaira.com\\\/fr\\\/#website\"},\"datePublished\":\"2022-04-22T20:08:30+00:00\",\"dateModified\":\"2022-07-27T16:51:16+00:00\",\"description\":\"Obtenir des informations sur le r\u00e9f\u00e9rencement des patients, acc\u00e9der \u00e0 de la documentation ou \u00eatre tenu inform\u00e9 des mises \u00e0 jour importantes concernant Nuvaira.\",\"breadcrumb\":{\"@id\":\"https:\\\/\\\/nuvaira.com\\\/fr\\\/contact-us\\\/#breadcrumb\"},\"inLanguage\":\"fr-FR\",\"potentialAction\":[{\"@type\":\"ReadAction\",\"target\":[\"https:\\\/\\\/nuvaira.com\\\/fr\\\/contact-us\\\/\"]}]},{\"@type\":\"BreadcrumbList\",\"@id\":\"https:\\\/\\\/nuvaira.com\\\/fr\\\/contact-us\\\/#breadcrumb\",\"itemListElement\":[{\"@type\":\"ListItem\",\"position\":1,\"name\":\"Home\",\"item\":\"https:\\\/\\\/nuvaira.com\\\/fr\\\/\"},{\"@type\":\"ListItem\",\"position\":2,\"name\":\"Nous contacter\"}]},{\"@type\":\"WebSite\",\"@id\":\"https:\\\/\\\/nuvaira.com\\\/fr\\\/#website\",\"url\":\"https:\\\/\\\/nuvaira.com\\\/fr\\\/\",\"name\":\"Nuvaira\",\"description\":\"\",\"potentialAction\":[{\"@type\":\"SearchAction\",\"target\":{\"@type\":\"EntryPoint\",\"urlTemplate\":\"https:\\\/\\\/nuvaira.com\\\/fr\\\/?s={search_term_string}\"},\"query-input\":{\"@type\":\"PropertyValueSpecification\",\"valueRequired\":true,\"valueName\":\"search_term_string\"}}],\"inLanguage\":\"fr-FR\"}]}<\/script>\n<!-- \/ Yoast SEO plugin. -->","yoast_head_json":{"title":"Nous contacter - Nuvaira","description":"Obtenir des informations sur le r\u00e9f\u00e9rencement des patients, acc\u00e9der \u00e0 de la documentation ou \u00eatre tenu inform\u00e9 des mises \u00e0 jour importantes concernant Nuvaira.","robots":{"index":"index","follow":"follow","max-snippet":"max-snippet:-1","max-image-preview":"max-image-preview:large","max-video-preview":"max-video-preview:-1"},"canonical":"https:\/\/nuvaira.com\/fr\/contact-us\/","og_locale":"fr_FR","og_type":"article","og_title":"Nous contacter - Nuvaira","og_description":"Obtenir des informations sur le r\u00e9f\u00e9rencement des patients, acc\u00e9der \u00e0 de la documentation ou \u00eatre tenu inform\u00e9 des mises \u00e0 jour importantes concernant Nuvaira.","og_url":"https:\/\/nuvaira.com\/fr\/contact-us\/","og_site_name":"Nuvaira","article_modified_time":"2022-07-27T16:51:16+00:00","twitter_card":"summary_large_image","schema":{"@context":"https:\/\/schema.org","@graph":[{"@type":"WebPage","@id":"https:\/\/nuvaira.com\/fr\/contact-us\/","url":"https:\/\/nuvaira.com\/fr\/contact-us\/","name":"Nous contacter - Nuvaira","isPartOf":{"@id":"https:\/\/nuvaira.com\/fr\/#website"},"datePublished":"2022-04-22T20:08:30+00:00","dateModified":"2022-07-27T16:51:16+00:00","description":"Obtenir des informations sur le r\u00e9f\u00e9rencement des patients, acc\u00e9der \u00e0 de la documentation ou \u00eatre tenu inform\u00e9 des mises \u00e0 jour importantes concernant Nuvaira.","breadcrumb":{"@id":"https:\/\/nuvaira.com\/fr\/contact-us\/#breadcrumb"},"inLanguage":"fr-FR","potentialAction":[{"@type":"ReadAction","target":["https:\/\/nuvaira.com\/fr\/contact-us\/"]}]},{"@type":"BreadcrumbList","@id":"https:\/\/nuvaira.com\/fr\/contact-us\/#breadcrumb","itemListElement":[{"@type":"ListItem","position":1,"name":"Home","item":"https:\/\/nuvaira.com\/fr\/"},{"@type":"ListItem","position":2,"name":"Nous contacter"}]},{"@type":"WebSite","@id":"https:\/\/nuvaira.com\/fr\/#website","url":"https:\/\/nuvaira.com\/fr\/","name":"Nuvaira","description":"","potentialAction":[{"@type":"SearchAction","target":{"@type":"EntryPoint","urlTemplate":"https:\/\/nuvaira.com\/fr\/?s={search_term_string}"},"query-input":{"@type":"PropertyValueSpecification","valueRequired":true,"valueName":"search_term_string"}}],"inLanguage":"fr-FR"}]}},"_links":{"self":[{"href":"https:\/\/nuvaira.com\/fr\/wp-json\/wp\/v2\/pages\/534","targetHints":{"allow":["GET"]}}],"collection":[{"href":"https:\/\/nuvaira.com\/fr\/wp-json\/wp\/v2\/pages"}],"about":[{"href":"https:\/\/nuvaira.com\/fr\/wp-json\/wp\/v2\/types\/page"}],"author":[{"embeddable":true,"href":"https:\/\/nuvaira.com\/fr\/wp-json\/wp\/v2\/users\/1"}],"replies":[{"embeddable":true,"href":"https:\/\/nuvaira.com\/fr\/wp-json\/wp\/v2\/comments?post=534"}],"version-history":[{"count":0,"href":"https:\/\/nuvaira.com\/fr\/wp-json\/wp\/v2\/pages\/534\/revisions"}],"wp:attachment":[{"href":"https:\/\/nuvaira.com\/fr\/wp-json\/wp\/v2\/media?parent=534"}],"curies":[{"name":"wp","href":"https:\/\/api.w.org\/{rel}","templated":true}]}}