{"id":709,"date":"2022-04-27T15:56:14","date_gmt":"2022-04-27T15:56:14","guid":{"rendered":"https:\/\/nuvaira.com\/terms-of-use\/"},"modified":"2022-04-27T23:08:19","modified_gmt":"2022-04-27T23:08:19","slug":"terms-of-use","status":"publish","type":"page","link":"https:\/\/nuvaira.com\/fr\/terms-of-use\/","title":{"rendered":"Conditions d\u2019utilisation"},"content":{"rendered":"<div class=\"nuvairaBlock context-purple\">\n    <div class=\"pageHeroBlok\">\n        <div class=\"container\">\n\n            <h1 class=\"pageHeroBlok__title\">Conditions d\u2019utilisation<\/h1>\n            \n                        \n            \n            \n\n        <\/div>\n    <\/div>\n<\/div>\n\n\n<div class=\"nuvairaBlock | --space-top-regular --space-bot-regular --bg-white context-white\">\n<div class=\"container\">\n    <div class=\"largeTextBlok largeTextBlok--cols-1\">\n\n                    <div class=\"wysiwyg\"><p>\u00a9 2022 Nuvaira, Inc. Tous droits r\u00e9serv\u00e9s.<\/p>\n<p>Nuvaira, Inc. (\u00ab Nuvaira \u00bb) maintient ce site Web (\u00ab Site \u00bb) en tant que service \u00e0 ses clients et au grand public. Les conditions g\u00e9n\u00e9rales suivantes r\u00e9gissent votre acc\u00e8s au Site et \u00e0 son utilisation, y compris le contenu, la fonctionnalit\u00e9 et les services offerts sur le Site ou par son interm\u00e9diaire.<\/p>\n<p><strong>ACCEPTATION DES CONDITIONS<\/strong><br \/>\nVEUILLEZ LIRE ATTENTIVEMENT LES CONDITIONS G\u00c9N\u00c9RALES SUIVANTES AVANT D\u2019UTILISER LE SITE. En acc\u00e9dant au Site et en utilisant son contenu, vous acceptez d\u2019\u00eatre li\u00e9 aux pr\u00e9sentes Conditions d\u2019utilisation et de les respecter, ainsi que notre Politique de confidentialit\u00e9 qui est int\u00e9gr\u00e9e par renvoi dans ces Conditions d\u2019utilisation et peut \u00eatre consult\u00e9e en cliquant sur le lien suivant : Politique de confidentialit\u00e9. Si vous refusez d\u2019\u00eatre li\u00e9 aux Conditions d\u2019utilisation de ce Site, nous ne devez ni y acc\u00e9der ni l\u2019utiliser.<\/p>\n<p><strong>UTILISATION DU CONTENU DE CE SITE<\/strong><br \/>\nLe contenu, les caract\u00e9ristiques et la fonctionnalit\u00e9 du Site sont la propri\u00e9t\u00e9 de Nuvaira et de ses conc\u00e9dants de licence et fournisseurs et sont prot\u00e9g\u00e9s en vertu des lois am\u00e9ricaines et internationales sur les droits d\u2019auteur et toute autre loi en vigueur. Vous pouvez t\u00e9l\u00e9charger ou imprimer gratuitement un nombre raisonnable d\u2019extraits de contenu du Site, uniquement \u00e0 des fins personnelles, non commerciales ou pour un usage interne. Vous devez \u00e9galement conserver toutes les mentions de droit d\u2019auteur et les marques de commerce ainsi que les autres avis contenus dans le mat\u00e9riel t\u00e9l\u00e9charg\u00e9 du Site ou imprim\u00e9, y compris l\u2019avis de droit d\u2019auteur qui s\u2019affiche en bas de page. Vous n\u2019\u00eates aucunement autoris\u00e9 \u00e0 modifier ou \u00e0 alt\u00e9rer les avis de propri\u00e9t\u00e9. En outre, vous n\u2019\u00eates autoris\u00e9 ni \u00e0 modifier ni \u00e0 alt\u00e9rer toute partie du contenu t\u00e9l\u00e9charg\u00e9 ou imprim\u00e9 \u00e0 partir du Site, sauf avec l\u2019autorisation pr\u00e9alable \u00e9crite de Nuvaira. Vous ne pouvez pas utiliser le contenu du Site d\u2019une mani\u00e8re susceptible d\u2019attribuer une d\u00e9claration fausse ou trompeuse \u00e0 Nuvaira ou \u00e0 ses tiers. Sous r\u00e9serve des dispositions susmentionn\u00e9es, la reproduction de tout ou partie du contenu de ce Site \u00e0 d\u2019autres fins, sous tout format ou m\u00e9dia, ou la cr\u00e9ation de toute \u0153uvre d\u00e9riv\u00e9e, sans l\u2019autorisation expresse de Nuvaira, est interdite. Sans d\u00e9roger \u00e0 la g\u00e9n\u00e9ralit\u00e9 de ce qui pr\u00e9c\u00e8de, Nuvaira ne permet ni le cadrage non autoris\u00e9 du Site, ni la retransmission, la communication publique, la pr\u00e9sentation en public ou la diffusion du Site ou de son contenu (en tout ou en partie) par tout autre moyen. De telles actions exigent le consentement pr\u00e9alable \u00e9crit de Nuvaira, qui peut \u00eatre accord\u00e9 or refus\u00e9 \u00e0 sa seule discr\u00e9tion. Sous r\u00e9serve des dispositions susmentionn\u00e9es, aucun contenu du Site ne doit \u00eatre interpr\u00e9t\u00e9 comme accordant une licence ou un droit quelconque en vertu d\u2019un brevet, d\u2019un droit d\u2019auteur ou d\u2019une marque de commerce de Nuvaira.<\/p>\n<p><strong>MARQUES D\u00c9POS\u00c9ES<\/strong><br \/>\nNuvaira et dNerva sont des noms de marque commerciale de Nuvaira, Inc., d\u00e9pos\u00e9es ou faisant l\u2019objet de demandes d\u2019enregistrement ponctuelles dans certaines juridictions. Les noms d\u2019autres soci\u00e9t\u00e9s et produits mentionn\u00e9s dans le Site peuvent \u00eatre des noms de marque commerciale de leurs d\u00e9tenteurs respectifs. Nuvaira n\u2019autorise ni l\u2019affichage ni l\u2019exploitation de sa marque, d\u2019une mani\u00e8re quelconque, sans son autorisation pr\u00e9alable expresse. Veuillez nous contacter via la fonction \u00ab Nous contacter \u00bb pour toute demande d\u2019autorisation d\u2019utilisation d\u2019une marque Nuvaira. Tous les droits relatifs au Site, \u00e0 son contenu ou \u00e0 notre propri\u00e9t\u00e9 intellectuelle, ainsi que nos droits exclusifs qui ne sont pas express\u00e9ment accord\u00e9s aux pr\u00e9sentes, sont r\u00e9serv\u00e9s.<br \/>\n<strong>\u00c2GE MINIMUM<\/strong><br \/>\nSeules les personnes \u00e2g\u00e9es de 16 ans ou plus sont autoris\u00e9es \u00e0 utiliser ce Site. En continuant \u00e0 l\u2019utiliser apr\u00e8s avoir lu ces Conditions d\u2019utilisation, vous attestez que vous \u00eates \u00e2g\u00e9 de 16 ans au minimum.<\/p>\n<p><strong>VOS COMMUNICATIONS AVEC NOUS ET LES RENSEIGNEMENTS PERSONNELS QUE VOUS NOUS FOURNISSEZ<\/strong><br \/>\nVous pouvez choisir de nous fournir des renseignements personnels par le biais de ce Site ou via des communications directes, notamment des renseignements concernant votre identit\u00e9 et votre sant\u00e9, ainsi que vos coordonn\u00e9es. Vous nous promettez et garantissez que les renseignements personnels fournis sont v\u00e9ridiques et non trompeurs et, dans la mesure o\u00f9 nous continuons de communiquer avec vous et pour autant que le sujet soit pertinent \u00e0 notre relation avec vous, vous convenez de nous informer de tout renseignement qui devient inexact ou trompeur. Veuillez consulter notre Politique de confidentialit\u00e9 pour en savoir plus sur la mani\u00e8re dont nous traitons les donn\u00e9es personnelles collect\u00e9es par l\u2019interm\u00e9diaire du Site.<\/p>\n<p>Nous n\u2019encourageons pas les utilisateurs \u00e0 nous fournir des renseignements sur leur sant\u00e9 ou d\u2019autres donn\u00e9es personnelles sauf lorsque nous les invitons express\u00e9ment \u00e0 r\u00e9pondre \u00e0 des questions visant \u00e0 \u00e9valuer leur \u00e9ventuelle \u00e9ligibilit\u00e9 \u00e0 participer aux essais cliniques portant sur nos produits (questions auxquelles vous ne devez r\u00e9pondre que si vous souhaitez \u00eatre pris en compte pour ces essais). Si de tels renseignements nous sont fournis, nous ferons tout notre possible pour vous aider et traiterons ces donn\u00e9es conform\u00e9ment aux exigences de la loi en vigueur. Il se peut que nous ne conservions pas les renseignements que vous nous fournissez et que nous d\u00e9cidions de les supprimer ou de les \u00e9liminer \u00e0 tout moment \u00e0 notre enti\u00e8re discr\u00e9tion.<\/p>\n<p><strong>LOIS EN VIGUEUR<\/strong><br \/>\nNuvaira contr\u00f4le et exploite ce Site depuis les \u00c9tats-Unis d\u2019Am\u00e9rique. Ce Site contient des informations concernant des produits qui peuvent ou non \u00eatre disponibles dans un pays particulier et, si disponibles, qui peuvent avoir re\u00e7u d\u2019un organisme de r\u00e9glementation une autorisation de mise sur le march\u00e9 pour diff\u00e9rentes indications et restrictions selon les pays. Chaque pays dispose de ses propres lois, r\u00e9glementations et pratiques m\u00e9dicales r\u00e9gissant la communication de renseignements m\u00e9dicaux ou d\u2019autres informations concernant les produits m\u00e9dicaux sur Internet. Rien de ce qui est contenu sur ce Site ne doit \u00eatre interpr\u00e9t\u00e9 comme une sollicitation ou promotion non autoris\u00e9e de produits, en vertu des lois et r\u00e9glementations de l\u2019\u00c9tat ou du pays o\u00f9 vous r\u00e9sidez, ni ne doit insinuer que Nuvaira entend annoncer ou offrir un produit ou un service quelconque dans votre pays. Toute r\u00e9f\u00e9rence sur le Site aux produits de Nuvaira et aux sujets m\u00e9dicaux et de sant\u00e9 sont fournis \u00e0 titre d\u2019information uniquement.<\/p>\n<p><strong>AUCUN AVIS M\u00c9DICAL<\/strong><br \/>\nCe Site peut contenir des informations sur des sujets m\u00e9dicaux et li\u00e9s \u00e0 la sant\u00e9. Ces informations ne visent ni \u00e0 remplacer le jugement d\u2019un professionnel de la sant\u00e9 dans le diagnostic et le traitement des patients ni \u00e0 se substituer \u00e0 l\u2019avis de votre propre m\u00e9decin ou de tout autre professionnel m\u00e9dical. N\u2019utilisez pas ces informations pour diagnostiquer un probl\u00e8me de sant\u00e9 ou une maladie, mais veillez toujours \u00e0 consulter votre m\u00e9decin traitant.<\/p>\n<p>CE SITE NE CONSTITUE NI UNE PRATIQUE DE M\u00c9DECINE NI DES SERVICES DE SOINS DE SANT\u00c9 PAR Nuvaira, ET NE DOIT PAS \u00caTRE CONSID\u00c9R\u00c9 COMME TELS. VOTRE UTILISATION DE CE SITE N\u2019\u00c9TABLIT PAS UNE RELATION M\u00c9DECIN\/PATIENT, CONFIDENTIELLE OU PRIVIL\u00c9GI\u00c9E NI AUCUNE AUTRE RELATION QUI DONNERAIT LIEU \u00c0 DES OBLIGATIONS DE LA PART DE Nuvaira.<\/p>\n<p><strong>LIENS VERS D\u2019AUTRES SITES<\/strong><br \/>\nCe Site peut contenir des liens vers des sites Web non exploit\u00e9s par Nuvaira. Nous fournissons ces liens par souci de commodit\u00e9, mais nous n\u2019examinons, ne contr\u00f4lons et ne surveillons pas le contenu de ces autres sites. Nous ne sommes pas responsables de la performance ou du contenu de ces sites ni de vos relations commerciales avec ces soci\u00e9t\u00e9s. Votre utilisation de tout autre site est assujettie \u00e0 leurs conditions d\u2019utilisation et \u00e0 leur politique de confidentialit\u00e9.<\/p>\n<p><strong>AVIS DE NON-RESPONSABILIT\u00c9<\/strong><br \/>\nLES INFORMATIONS PR\u00c9SENT\u00c9ES SUR CE SITE SONT FOURNIES \u00ab TELLES QUELLES \u00bb SANS GARANTIE, EXPRESSE OU IMPLICITE. DANS TOUTE LA MESURE PERMISE PAR LA LOI EN VIGUEUR, Nuvaira D\u00c9CLINE TOUTE GARANTIE QUI POURRAIT \u00caTRE IMPLICITE EN VERTU DE CES CONDITIONS D\u2019UTILISATION, DE LA PRATIQUE COMMERCIALE OU DE LA LOI, OU DE QUELQUE AUTRE MANI\u00c8RE, EN LIEN AVEC LE SITE, SON CONTENU ET LES PRODUITS, SERVICES ET DROITS DE PROPRI\u00c9T\u00c9 INTELLECTUELLE DE Nuvaira, Y COMPRIS, MAIS SANS S\u2019Y LIMITER, TOUTE GARANTIE IMPLICITE DE QUALIT\u00c9, DE QUALIT\u00c9 MARCHANDE, D\u2019AD\u00c9QUATION \u00c0 UN USAGE PARTICULIER OU DE NON-INFRACTION. Nuvaira NE CERTIFIE NI NE GARANTIT EN AUCUNE MANI\u00c8RE QUE LES INFORMATIONS CONTENUES SUR CE SITE SERONT OPPORTUNES, EXEMPTES D\u2019ERREUR OU DE VIRUS.<\/p>\n<p><strong>LIMITATION DE RESPONSABILIT\u00c9<\/strong><br \/>\nDANS LA MESURE O\u00d9 UNE TELLE RESPONSABILIT\u00c9 PEUT \u00caTRE L\u00c9GITIMEMENT LIMIT\u00c9E OU D\u00c9CLIN\u00c9E EN VERTU DE LA LOI EN VIGUEUR, EN AUCUNE CIRCONSTANCE, Nuvaira, SES ADMINISTRATEURS, DIRECTEURS, EMPLOY\u00c9S OU AGENTS NE SERONT RESPONSABLES DE TOUS DOMMAGES, Y COMPRIS, MAIS SANS S\u2019Y LIMITER, LES DOMMAGES INDIRECTS, ACCESSOIRES, SP\u00c9CIAUX, CONS\u00c9CUTIFS OU PUNITIFS, Y COMPRIS, MAIS SANS S\u2019Y LIMITER, LES PERTES DE PROFITS, LES PERTES SUITE \u00c0 L\u2019INTERRUPTION D\u2019ACTIVIT\u00c9S COMMERCIALES OU LES PERTES DE DONN\u00c9ES, QUE CE SOIT EN VERTU D\u2019UN CONTRAT, D\u2019UN D\u00c9LIT OU DE TOUTE AUTRE TH\u00c9ORIE DE RESPONSABILIT\u00c9 LI\u00c9E \u00c0 L\u2019UTILISATION DE CE SITE OU DE TOUT AUTRE SITE INTERNET ACCESSIBLE PAR UN LIEN HYPERTEXTE, OU R\u00c9SULTANT D\u2019UNE MANI\u00c8RE QUELCONQUE D\u2019UNE TELLE UTILISATION, OU EN RAPPORT AVEC UN D\u00c9FAUT DE PERFORMANCE, UNE ERREUR, UNE OMISSION, UNE INTERRUPTION, UNE D\u00c9FAILLANCE, UN RETARD D\u2019EXPLOITATION OU DE TRANSMISSION, UN VIRUS INFORMATIQUE, UNE PANNE DE COURANT, UNE PERTE DE DONN\u00c9ES OU UNE PERTE D\u2019UTILISATION LI\u00c9E \u00c0 CE SITE OU \u00c0 TOUT SITE INTERNET EXPLOIT\u00c9 PAR UN TIERS OU TOUT CONTENU DE CE SITE OU DE TOUT AUTRE SITE INTERNET, M\u00caME SI Nuvaira EST INFORM\u00c9E DE L\u2019\u00c9VENTUALIT\u00c9 DE CES DOMMAGES.<\/p>\n<p><strong>DROIT APPLICABLE<\/strong><br \/>\nLes pr\u00e9sentes conditions g\u00e9n\u00e9rales sont r\u00e9gies et interpr\u00e9t\u00e9es conform\u00e9ment aux lois f\u00e9d\u00e9rales des \u00c9tats-Unis d\u2019Am\u00e9rique et, dans la mesure o\u00f9 le droit f\u00e9d\u00e9ral des \u00c9tats-Unis incorpore et s\u2019en remet \u00e0 la loi des \u00c9tats, les lois de l\u2019\u00c9tat du Minnesota (sans \u00e9gard au conflit de lois). Toute poursuite ou proc\u00e9dure d\u00e9coulant de l\u2019utilisation du Site sera soumise (dans la mesure permise par la loi en vigueur) \u00e0 la juridiction exclusive du tribunal f\u00e9d\u00e9ral de grande instance du quatri\u00e8me district du Minnesota.<\/p>\n<p><strong>MODIFICATIONS DE CES CONDITIONS D\u2019UTILISATION ET DU SITE<\/strong><br \/>\nNuvaira se r\u00e9serve le droit de modifier ces Conditions d\u2019utilisation de temps \u00e0 autre et sans pr\u00e9avis. Nuvaira peut modifier le contenu de ce Site \u00e0 tout moment, en cesser la diffusion ou apporter des am\u00e9liorations et\/ou des modifications aux produits ou aux programmes d\u00e9crits sur ce Site, \u00e0 tout moment et \u00e0 son enti\u00e8re discr\u00e9tion.<\/p>\n<p><strong>DEMANDES DE RENSEIGNEMENTS ET PLAINTES<\/strong><br \/>\nToute demande de renseignements ou plainte relative au Site doit \u00eatre adress\u00e9e \u00e0 <a href=\"mailto:info@Nuvaira.com\">info@Nuvaira.com<\/a> ou envoy\u00e9e \u00e0 : Nuvaira, Inc., 6500 Wedgwood Road North, Ste. 100, Minneapolis, MN 55311, \u00c9tats-Unis.<\/p>\n<\/div>\n        \n        \n    <\/div>\n<\/div>\n\n<\/div><!-- Nuvaira Block End -->","protected":false},"excerpt":{"rendered":"","protected":false},"author":1,"featured_media":0,"parent":0,"menu_order":0,"comment_status":"closed","ping_status":"closed","template":"","meta":{"_acf_changed":false,"footnotes":""},"class_list":["post-709","page","type-page","status-publish","hentry"],"acf":[],"yoast_head":"<!-- This site is optimized with the Yoast SEO plugin v27.3 - https:\/\/yoast.com\/product\/yoast-seo-wordpress\/ -->\n<title>Conditions d\u2019utilisation - Nuvaira<\/title>\n<meta name=\"robots\" content=\"index, follow, max-snippet:-1, max-image-preview:large, max-video-preview:-1\" \/>\n<link rel=\"canonical\" href=\"https:\/\/nuvaira.com\/fr\/terms-of-use\/\" \/>\n<meta property=\"og:locale\" content=\"fr_FR\" \/>\n<meta property=\"og:type\" content=\"article\" \/>\n<meta property=\"og:title\" content=\"Conditions d\u2019utilisation - Nuvaira\" \/>\n<meta property=\"og:url\" content=\"https:\/\/nuvaira.com\/fr\/terms-of-use\/\" \/>\n<meta property=\"og:site_name\" content=\"Nuvaira\" \/>\n<meta property=\"article:modified_time\" content=\"2022-04-27T23:08:19+00:00\" \/>\n<meta name=\"twitter:card\" content=\"summary_large_image\" \/>\n<script type=\"application\/ld+json\" class=\"yoast-schema-graph\">{\"@context\":\"https:\\\/\\\/schema.org\",\"@graph\":[{\"@type\":\"WebPage\",\"@id\":\"https:\\\/\\\/nuvaira.com\\\/fr\\\/terms-of-use\\\/\",\"url\":\"https:\\\/\\\/nuvaira.com\\\/fr\\\/terms-of-use\\\/\",\"name\":\"Conditions d\u2019utilisation - Nuvaira\",\"isPartOf\":{\"@id\":\"https:\\\/\\\/nuvaira.com\\\/fr\\\/#website\"},\"datePublished\":\"2022-04-27T15:56:14+00:00\",\"dateModified\":\"2022-04-27T23:08:19+00:00\",\"breadcrumb\":{\"@id\":\"https:\\\/\\\/nuvaira.com\\\/fr\\\/terms-of-use\\\/#breadcrumb\"},\"inLanguage\":\"fr-FR\",\"potentialAction\":[{\"@type\":\"ReadAction\",\"target\":[\"https:\\\/\\\/nuvaira.com\\\/fr\\\/terms-of-use\\\/\"]}]},{\"@type\":\"BreadcrumbList\",\"@id\":\"https:\\\/\\\/nuvaira.com\\\/fr\\\/terms-of-use\\\/#breadcrumb\",\"itemListElement\":[{\"@type\":\"ListItem\",\"position\":1,\"name\":\"Home\",\"item\":\"https:\\\/\\\/nuvaira.com\\\/fr\\\/\"},{\"@type\":\"ListItem\",\"position\":2,\"name\":\"Conditions d\u2019utilisation\"}]},{\"@type\":\"WebSite\",\"@id\":\"https:\\\/\\\/nuvaira.com\\\/fr\\\/#website\",\"url\":\"https:\\\/\\\/nuvaira.com\\\/fr\\\/\",\"name\":\"Nuvaira\",\"description\":\"\",\"potentialAction\":[{\"@type\":\"SearchAction\",\"target\":{\"@type\":\"EntryPoint\",\"urlTemplate\":\"https:\\\/\\\/nuvaira.com\\\/fr\\\/?s={search_term_string}\"},\"query-input\":{\"@type\":\"PropertyValueSpecification\",\"valueRequired\":true,\"valueName\":\"search_term_string\"}}],\"inLanguage\":\"fr-FR\"}]}<\/script>\n<!-- \/ Yoast SEO plugin. -->","yoast_head_json":{"title":"Conditions d\u2019utilisation - Nuvaira","robots":{"index":"index","follow":"follow","max-snippet":"max-snippet:-1","max-image-preview":"max-image-preview:large","max-video-preview":"max-video-preview:-1"},"canonical":"https:\/\/nuvaira.com\/fr\/terms-of-use\/","og_locale":"fr_FR","og_type":"article","og_title":"Conditions d\u2019utilisation - Nuvaira","og_url":"https:\/\/nuvaira.com\/fr\/terms-of-use\/","og_site_name":"Nuvaira","article_modified_time":"2022-04-27T23:08:19+00:00","twitter_card":"summary_large_image","schema":{"@context":"https:\/\/schema.org","@graph":[{"@type":"WebPage","@id":"https:\/\/nuvaira.com\/fr\/terms-of-use\/","url":"https:\/\/nuvaira.com\/fr\/terms-of-use\/","name":"Conditions d\u2019utilisation - Nuvaira","isPartOf":{"@id":"https:\/\/nuvaira.com\/fr\/#website"},"datePublished":"2022-04-27T15:56:14+00:00","dateModified":"2022-04-27T23:08:19+00:00","breadcrumb":{"@id":"https:\/\/nuvaira.com\/fr\/terms-of-use\/#breadcrumb"},"inLanguage":"fr-FR","potentialAction":[{"@type":"ReadAction","target":["https:\/\/nuvaira.com\/fr\/terms-of-use\/"]}]},{"@type":"BreadcrumbList","@id":"https:\/\/nuvaira.com\/fr\/terms-of-use\/#breadcrumb","itemListElement":[{"@type":"ListItem","position":1,"name":"Home","item":"https:\/\/nuvaira.com\/fr\/"},{"@type":"ListItem","position":2,"name":"Conditions d\u2019utilisation"}]},{"@type":"WebSite","@id":"https:\/\/nuvaira.com\/fr\/#website","url":"https:\/\/nuvaira.com\/fr\/","name":"Nuvaira","description":"","potentialAction":[{"@type":"SearchAction","target":{"@type":"EntryPoint","urlTemplate":"https:\/\/nuvaira.com\/fr\/?s={search_term_string}"},"query-input":{"@type":"PropertyValueSpecification","valueRequired":true,"valueName":"search_term_string"}}],"inLanguage":"fr-FR"}]}},"_links":{"self":[{"href":"https:\/\/nuvaira.com\/fr\/wp-json\/wp\/v2\/pages\/709","targetHints":{"allow":["GET"]}}],"collection":[{"href":"https:\/\/nuvaira.com\/fr\/wp-json\/wp\/v2\/pages"}],"about":[{"href":"https:\/\/nuvaira.com\/fr\/wp-json\/wp\/v2\/types\/page"}],"author":[{"embeddable":true,"href":"https:\/\/nuvaira.com\/fr\/wp-json\/wp\/v2\/users\/1"}],"replies":[{"embeddable":true,"href":"https:\/\/nuvaira.com\/fr\/wp-json\/wp\/v2\/comments?post=709"}],"version-history":[{"count":0,"href":"https:\/\/nuvaira.com\/fr\/wp-json\/wp\/v2\/pages\/709\/revisions"}],"wp:attachment":[{"href":"https:\/\/nuvaira.com\/fr\/wp-json\/wp\/v2\/media?parent=709"}],"curies":[{"name":"wp","href":"https:\/\/api.w.org\/{rel}","templated":true}]}}