{"id":957,"date":"2022-04-22T15:11:23","date_gmt":"2022-04-22T20:11:23","guid":{"rendered":"https:\/\/nuvaira.com\/media-kit\/"},"modified":"2022-05-19T09:45:50","modified_gmt":"2022-05-19T14:45:50","slug":"media-kit","status":"publish","type":"page","link":"https:\/\/nuvaira.com\/fr\/media-kit\/","title":{"rendered":"Dossier de presse"},"content":{"rendered":"<div class=\"nuvairaBlock context-purple\">\n    <div class=\"pageHeroBlok\">\n        <div class=\"container\">\n\n            <h1 class=\"pageHeroBlok__title\">Dossier de presse<\/h1>\n                            <div class=\"pageHeroBlok__description | wysiwyg\">\n                    <p>Merci de contacter Nuvaira pour avoir acc\u00e8s \u00e0 la totalit\u00e9 du Kit m\u00e9dia.<\/p>\n                <\/div>\n            \n                        \n            \n            \n\n        <\/div>\n    <\/div>\n<\/div>\n\n\n<div class=\"nuvairaBlock | --space-top-regular --space-bot-regular --bg-white context-white\"><div class=\"container\">\n\n    <div class=\"downloadsBlok downloadsBlok--row\">\n\n                    <div class=\"downloadsBlok__item\">\n                <h3 class=\"downloadsBlok__title h-3\">Historique de la compagnie et du d\u00e9veloppement de la technologie <\/h3>\n\n                                    <p class=\"downloadsBlok__description\">Un bref aper\u00e7u de Nuvaira et du syst\u00e8me de D\u00e9nervation pulmonaire dNerva.<\/p>\n                \n                                    <div class=\"mt-8\">\n                        <a class=\"btn btn--link\" href=\"https:\/\/nuvaira.com\/wp-content\/uploads\/2022\/04\/Company-and-Product-Overview_Nuvaira_June2019-1.pdf\" target=\"_blank\" download>\n                            T\u00e9l\u00e9charger le document <i class=\"far fa-arrow-to-bottom\"><\/i>\n                        <\/a>\n                    <\/div>\n                            <\/div>\n                    <div class=\"downloadsBlok__item\">\n                <h3 class=\"downloadsBlok__title h-3\">Information sur la soci\u00e9t\u00e9<\/h3>\n\n                \n                                    <div class=\"mt-8\">\n                        <a class=\"btn btn--link\" href=\"https:\/\/nuvaira.com\/wp-content\/uploads\/2022\/04\/MCA-0175.B_Nuvaira_Company_Fact_Sheet_June2021.docx\" target=\"_blank\" download>\n                            T\u00e9l\u00e9charger le document <i class=\"far fa-arrow-to-bottom\"><\/i>\n                        <\/a>\n                    <\/div>\n                            <\/div>\n                    <div class=\"downloadsBlok__item\">\n                <h3 class=\"downloadsBlok__title h-3\">Information sur la BPCO<\/h3>\n\n                                    <p class=\"downloadsBlok__description\">Un besoin m\u00e9dical non couvert.<\/p>\n                \n                                    <div class=\"mt-8\">\n                        <a class=\"btn btn--link\" href=\"https:\/\/nuvaira.com\/wp-content\/uploads\/2022\/04\/COPD_Backgrounder_Nuvaira_June2019.pdf\" target=\"_blank\" download>\n                            T\u00e9l\u00e9charger le document <i class=\"far fa-arrow-to-bottom\"><\/i>\n                        <\/a>\n                    <\/div>\n                            <\/div>\n        \n    <\/div>\n\n<\/div>\n<\/div><!-- Nuvaira Block End -->\n\n\n<div class=\"nuvairaBlock | --space-top-regular --space-bot-small --bg-gray context-gray --previous-regular\"><div class=\"container\">\n\n            <div class=\"zoomableImagesBlok__title\">Banque d\u2019images<\/div>\n    \n    <div class=\"zoomableImagesBlok\">\n                    <div class=\"zoomableImagesBlok__item\">\n                <a data-fslightbox=\"gallery-1\" class=\"zoomableImagesBlok__link | object-fit-cover\" href=\"https:\/\/nuvaira.com\/wp-content\/uploads\/2022\/04\/COPD-Patient-Before-TLD.jpg\">\n                    <img loading=\"lazy\" decoding=\"async\" width=\"477\" height=\"354\" src=\"https:\/\/nuvaira.com\/wp-content\/uploads\/2022\/04\/COPD-Patient-Before-TLD.jpg\" class=\"attachment-medium_large size-medium_large\" alt=\"\" srcset=\"https:\/\/nuvaira.com\/wp-content\/uploads\/2022\/04\/COPD-Patient-Before-TLD.jpg 477w, https:\/\/nuvaira.com\/wp-content\/uploads\/2022\/04\/COPD-Patient-Before-TLD-300x223.jpg 300w\" sizes=\"auto, (max-width: 477px) 100vw, 477px\" \/>                <\/a>\n            <\/div>\n                    <div class=\"zoomableImagesBlok__item\">\n                <a data-fslightbox=\"gallery-1\" class=\"zoomableImagesBlok__link | object-fit-cover\" href=\"https:\/\/nuvaira.com\/wp-content\/uploads\/2022\/04\/COPD-Patient-After-TLD.jpg\">\n                    <img loading=\"lazy\" decoding=\"async\" width=\"462\" height=\"343\" src=\"https:\/\/nuvaira.com\/wp-content\/uploads\/2022\/04\/COPD-Patient-After-TLD.jpg\" class=\"attachment-medium_large size-medium_large\" alt=\"\" srcset=\"https:\/\/nuvaira.com\/wp-content\/uploads\/2022\/04\/COPD-Patient-After-TLD.jpg 462w, https:\/\/nuvaira.com\/wp-content\/uploads\/2022\/04\/COPD-Patient-After-TLD-300x223.jpg 300w\" sizes=\"auto, (max-width: 462px) 100vw, 462px\" \/>                <\/a>\n            <\/div>\n                    <div class=\"zoomableImagesBlok__item\">\n                <a data-fslightbox=\"gallery-1\" class=\"zoomableImagesBlok__link | object-fit-cover\" href=\"https:\/\/nuvaira.com\/wp-content\/uploads\/2022\/04\/TLD-Procedure-on-Patient.jpg\">\n                    <img loading=\"lazy\" decoding=\"async\" width=\"549\" height=\"418\" src=\"https:\/\/nuvaira.com\/wp-content\/uploads\/2022\/04\/TLD-Procedure-on-Patient.jpg\" class=\"attachment-medium_large size-medium_large\" alt=\"\" srcset=\"https:\/\/nuvaira.com\/wp-content\/uploads\/2022\/04\/TLD-Procedure-on-Patient.jpg 549w, https:\/\/nuvaira.com\/wp-content\/uploads\/2022\/04\/TLD-Procedure-on-Patient-300x228.jpg 300w\" sizes=\"auto, (max-width: 549px) 100vw, 549px\" \/>                <\/a>\n            <\/div>\n                    <div class=\"zoomableImagesBlok__item\">\n                <a data-fslightbox=\"gallery-1\" class=\"zoomableImagesBlok__link | object-fit-cover\" href=\"https:\/\/nuvaira.com\/wp-content\/uploads\/2022\/04\/Nuvaira-Lung-Denervation-System.jpg\">\n                    <img loading=\"lazy\" decoding=\"async\" width=\"768\" height=\"582\" src=\"https:\/\/nuvaira.com\/wp-content\/uploads\/2022\/04\/Nuvaira-Lung-Denervation-System-768x582.jpg\" class=\"attachment-medium_large size-medium_large\" alt=\"\" srcset=\"https:\/\/nuvaira.com\/wp-content\/uploads\/2022\/04\/Nuvaira-Lung-Denervation-System-768x582.jpg 768w, https:\/\/nuvaira.com\/wp-content\/uploads\/2022\/04\/Nuvaira-Lung-Denervation-System-300x227.jpg 300w, https:\/\/nuvaira.com\/wp-content\/uploads\/2022\/04\/Nuvaira-Lung-Denervation-System.jpg 811w\" sizes=\"auto, (max-width: 768px) 100vw, 768px\" \/>                <\/a>\n            <\/div>\n                    <div class=\"zoomableImagesBlok__item\">\n                <a data-fslightbox=\"gallery-1\" class=\"zoomableImagesBlok__link | object-fit-cover\" href=\"https:\/\/nuvaira.com\/wp-content\/uploads\/2022\/04\/dNerva_Dual_Cooled_RF_Catheter.jpg\">\n                    <img loading=\"lazy\" decoding=\"async\" width=\"768\" height=\"474\" src=\"https:\/\/nuvaira.com\/wp-content\/uploads\/2022\/04\/dNerva_Dual_Cooled_RF_Catheter-768x474.jpg\" class=\"attachment-medium_large size-medium_large\" alt=\"\" srcset=\"https:\/\/nuvaira.com\/wp-content\/uploads\/2022\/04\/dNerva_Dual_Cooled_RF_Catheter-768x474.jpg 768w, https:\/\/nuvaira.com\/wp-content\/uploads\/2022\/04\/dNerva_Dual_Cooled_RF_Catheter-300x185.jpg 300w, https:\/\/nuvaira.com\/wp-content\/uploads\/2022\/04\/dNerva_Dual_Cooled_RF_Catheter.jpg 800w\" sizes=\"auto, (max-width: 768px) 100vw, 768px\" \/>                <\/a>\n            <\/div>\n                    <div class=\"zoomableImagesBlok__item\">\n                <a data-fslightbox=\"gallery-1\" class=\"zoomableImagesBlok__link | object-fit-cover\" href=\"https:\/\/nuvaira.com\/wp-content\/uploads\/2022\/04\/TLD-lung-illustration.jpg\">\n                    <img loading=\"lazy\" decoding=\"async\" width=\"768\" height=\"571\" src=\"https:\/\/nuvaira.com\/wp-content\/uploads\/2022\/04\/TLD-lung-illustration-768x571.jpg\" class=\"attachment-medium_large size-medium_large\" alt=\"\" srcset=\"https:\/\/nuvaira.com\/wp-content\/uploads\/2022\/04\/TLD-lung-illustration-768x571.jpg 768w, https:\/\/nuvaira.com\/wp-content\/uploads\/2022\/04\/TLD-lung-illustration-300x223.jpg 300w, https:\/\/nuvaira.com\/wp-content\/uploads\/2022\/04\/TLD-lung-illustration.jpg 1000w\" sizes=\"auto, (max-width: 768px) 100vw, 768px\" \/>                <\/a>\n            <\/div>\n                    <div class=\"zoomableImagesBlok__item\">\n                <a data-fslightbox=\"gallery-1\" class=\"zoomableImagesBlok__link | object-fit-cover\" href=\"https:\/\/nuvaira.com\/wp-content\/uploads\/2022\/04\/Lung_TLD_before_after_vertical.jpg\">\n                    <img loading=\"lazy\" decoding=\"async\" width=\"768\" height=\"905\" src=\"https:\/\/nuvaira.com\/wp-content\/uploads\/2022\/04\/Lung_TLD_before_after_vertical-768x905.jpg\" class=\"attachment-medium_large size-medium_large\" alt=\"\" srcset=\"https:\/\/nuvaira.com\/wp-content\/uploads\/2022\/04\/Lung_TLD_before_after_vertical-768x905.jpg 768w, https:\/\/nuvaira.com\/wp-content\/uploads\/2022\/04\/Lung_TLD_before_after_vertical-254x300.jpg 254w, https:\/\/nuvaira.com\/wp-content\/uploads\/2022\/04\/Lung_TLD_before_after_vertical-869x1024.jpg 869w, https:\/\/nuvaira.com\/wp-content\/uploads\/2022\/04\/Lung_TLD_before_after_vertical.jpg 1000w\" sizes=\"auto, (max-width: 768px) 100vw, 768px\" \/>                <\/a>\n            <\/div>\n                    <div class=\"zoomableImagesBlok__item\">\n                <a data-fslightbox=\"gallery-1\" class=\"zoomableImagesBlok__link | object-fit-cover\" href=\"https:\/\/nuvaira.com\/wp-content\/uploads\/2022\/04\/Lung_TLD_L_4insets.jpg\">\n                    <img loading=\"lazy\" decoding=\"async\" width=\"768\" height=\"570\" src=\"https:\/\/nuvaira.com\/wp-content\/uploads\/2022\/04\/Lung_TLD_L_4insets-768x570.jpg\" class=\"attachment-medium_large size-medium_large\" alt=\"\" srcset=\"https:\/\/nuvaira.com\/wp-content\/uploads\/2022\/04\/Lung_TLD_L_4insets-768x570.jpg 768w, https:\/\/nuvaira.com\/wp-content\/uploads\/2022\/04\/Lung_TLD_L_4insets-300x223.jpg 300w, https:\/\/nuvaira.com\/wp-content\/uploads\/2022\/04\/Lung_TLD_L_4insets.jpg 1000w\" sizes=\"auto, (max-width: 768px) 100vw, 768px\" \/>                <\/a>\n            <\/div>\n                    <div class=\"zoomableImagesBlok__item\">\n                <a data-fslightbox=\"gallery-1\" class=\"zoomableImagesBlok__link | object-fit-cover\" href=\"https:\/\/nuvaira.com\/wp-content\/uploads\/2022\/04\/COPD-Before-After-Targeted-Lung-Denervation-with-Holaira-System.jpg\">\n                    <img loading=\"lazy\" decoding=\"async\" width=\"768\" height=\"783\" src=\"https:\/\/nuvaira.com\/wp-content\/uploads\/2022\/04\/COPD-Before-After-Targeted-Lung-Denervation-with-Holaira-System-768x783.jpg\" class=\"attachment-medium_large size-medium_large\" alt=\"\" srcset=\"https:\/\/nuvaira.com\/wp-content\/uploads\/2022\/04\/COPD-Before-After-Targeted-Lung-Denervation-with-Holaira-System-768x783.jpg 768w, https:\/\/nuvaira.com\/wp-content\/uploads\/2022\/04\/COPD-Before-After-Targeted-Lung-Denervation-with-Holaira-System-294x300.jpg 294w, https:\/\/nuvaira.com\/wp-content\/uploads\/2022\/04\/COPD-Before-After-Targeted-Lung-Denervation-with-Holaira-System.jpg 890w\" sizes=\"auto, (max-width: 768px) 100vw, 768px\" \/>                <\/a>\n            <\/div>\n                    <div class=\"zoomableImagesBlok__item\">\n                <a data-fslightbox=\"gallery-1\" class=\"zoomableImagesBlok__link | object-fit-cover\" href=\"https:\/\/nuvaira.com\/wp-content\/uploads\/2022\/04\/MOA_Tri-Panel_a.jpg\">\n                    <img loading=\"lazy\" decoding=\"async\" width=\"768\" height=\"256\" src=\"https:\/\/nuvaira.com\/wp-content\/uploads\/2022\/04\/MOA_Tri-Panel_a-768x256.jpg\" class=\"attachment-medium_large size-medium_large\" alt=\"\" srcset=\"https:\/\/nuvaira.com\/wp-content\/uploads\/2022\/04\/MOA_Tri-Panel_a-768x256.jpg 768w, https:\/\/nuvaira.com\/wp-content\/uploads\/2022\/04\/MOA_Tri-Panel_a-300x100.jpg 300w, https:\/\/nuvaira.com\/wp-content\/uploads\/2022\/04\/MOA_Tri-Panel_a-1024x341.jpg 1024w, https:\/\/nuvaira.com\/wp-content\/uploads\/2022\/04\/MOA_Tri-Panel_a-1536x512.jpg 1536w, https:\/\/nuvaira.com\/wp-content\/uploads\/2022\/04\/MOA_Tri-Panel_a.jpg 1600w\" sizes=\"auto, (max-width: 768px) 100vw, 768px\" \/>                <\/a>\n            <\/div>\n                    <div class=\"zoomableImagesBlok__item\">\n                <a data-fslightbox=\"gallery-1\" class=\"zoomableImagesBlok__link | object-fit-cover\" href=\"https:\/\/nuvaira.com\/wp-content\/uploads\/2022\/04\/Lung_TLD_Bronchus_compare.jpg\">\n                    <img loading=\"lazy\" decoding=\"async\" width=\"768\" height=\"338\" src=\"https:\/\/nuvaira.com\/wp-content\/uploads\/2022\/04\/Lung_TLD_Bronchus_compare-768x338.jpg\" class=\"attachment-medium_large size-medium_large\" alt=\"\" srcset=\"https:\/\/nuvaira.com\/wp-content\/uploads\/2022\/04\/Lung_TLD_Bronchus_compare-768x338.jpg 768w, https:\/\/nuvaira.com\/wp-content\/uploads\/2022\/04\/Lung_TLD_Bronchus_compare-300x132.jpg 300w, https:\/\/nuvaira.com\/wp-content\/uploads\/2022\/04\/Lung_TLD_Bronchus_compare.jpg 1000w\" sizes=\"auto, (max-width: 768px) 100vw, 768px\" \/>                <\/a>\n            <\/div>\n                    <div class=\"zoomableImagesBlok__item\">\n                <a data-fslightbox=\"gallery-1\" class=\"zoomableImagesBlok__link | object-fit-cover\" href=\"https:\/\/nuvaira.com\/wp-content\/uploads\/2022\/04\/Lung_TLD_Bronchioli_compare.jpg\">\n                    <img loading=\"lazy\" decoding=\"async\" width=\"768\" height=\"338\" src=\"https:\/\/nuvaira.com\/wp-content\/uploads\/2022\/04\/Lung_TLD_Bronchioli_compare-768x338.jpg\" class=\"attachment-medium_large size-medium_large\" alt=\"\" srcset=\"https:\/\/nuvaira.com\/wp-content\/uploads\/2022\/04\/Lung_TLD_Bronchioli_compare-768x338.jpg 768w, https:\/\/nuvaira.com\/wp-content\/uploads\/2022\/04\/Lung_TLD_Bronchioli_compare-300x132.jpg 300w, https:\/\/nuvaira.com\/wp-content\/uploads\/2022\/04\/Lung_TLD_Bronchioli_compare.jpg 1000w\" sizes=\"auto, (max-width: 768px) 100vw, 768px\" \/>                <\/a>\n            <\/div>\n                    <div class=\"zoomableImagesBlok__item\">\n                <a data-fslightbox=\"gallery-1\" class=\"zoomableImagesBlok__link | object-fit-cover\" href=\"https:\/\/nuvaira.com\/wp-content\/uploads\/2022\/04\/Nuvaira-Photo-Illustration-Captions-pdf.jpg\">\n                    <img loading=\"lazy\" decoding=\"async\" width=\"768\" height=\"994\" src=\"https:\/\/nuvaira.com\/wp-content\/uploads\/2022\/04\/Nuvaira-Photo-Illustration-Captions-pdf.jpg\" class=\"attachment-medium_large size-medium_large\" alt=\"\" \/>                <\/a>\n            <\/div>\n        \n    <\/div>\n<\/div>\n<\/div><!-- Nuvaira Block End -->\n\n\n<div class=\"nuvairaBlock | --space-top-none --space-bot-regular --bg-gray context-gray --previous-small\">\n<div class=\"container text-left\">\n        <a class=\"btn btn--gradient\" href=\"https:\/\/nuvaira.com\/wp-content\/uploads\/2022\/05\/nuvaira-product-images.zip\" >\n        T\u00e9l\u00e9charger les documents <i class=\"far fa-arrow-to-bottom\"><\/i>\n    <\/a>\n    <\/div>\n\n<\/div><!-- Nuvaira Block End -->\n\n\n<div class=\"nuvairaBlock | --space-top-large --space-bot-large --bg-gradient context-purple --previous-regular\">\n<div class=\"ctaBlok c-white\">\n\n    <div class=\"container container--offset-1 | text-center\">\n                    <h2 class=\"h-2\">Votre patient est-il un bon candidat pour l\u2019essai AIRFLOW-3 ?<\/h2>\n        \n        \n        \n                    <div class=\"mt-32\">\n                    <a class=\"btn btn--translucent\" href=\"https:\/\/nuvaira.com\/fr\/patient-selection\/\" >\n        Crit\u00e8res de s\u00e9lection des patients <i class=\"far fa-arrow-right\"><\/i>\n    <\/a>\n                <\/div>\n            <\/div>\n\n<\/div>\n\n<\/div><!-- Nuvaira Block End -->","protected":false},"excerpt":{"rendered":"","protected":false},"author":1,"featured_media":0,"parent":0,"menu_order":0,"comment_status":"closed","ping_status":"closed","template":"","meta":{"_acf_changed":false,"footnotes":""},"class_list":["post-957","page","type-page","status-publish","hentry"],"acf":[],"yoast_head":"<!-- This site is optimized with the Yoast SEO plugin v27.3 - https:\/\/yoast.com\/product\/yoast-seo-wordpress\/ -->\n<title>Dossier de presse - Nuvaira<\/title>\n<meta name=\"robots\" content=\"index, follow, max-snippet:-1, max-image-preview:large, max-video-preview:-1\" \/>\n<link rel=\"canonical\" href=\"https:\/\/nuvaira.com\/fr\/media-kit\/\" \/>\n<meta property=\"og:locale\" content=\"fr_FR\" \/>\n<meta property=\"og:type\" content=\"article\" \/>\n<meta property=\"og:title\" content=\"Dossier de presse - Nuvaira\" \/>\n<meta property=\"og:url\" content=\"https:\/\/nuvaira.com\/fr\/media-kit\/\" \/>\n<meta property=\"og:site_name\" content=\"Nuvaira\" \/>\n<meta property=\"article:modified_time\" content=\"2022-05-19T14:45:50+00:00\" \/>\n<meta name=\"twitter:card\" content=\"summary_large_image\" \/>\n<script type=\"application\/ld+json\" class=\"yoast-schema-graph\">{\"@context\":\"https:\\\/\\\/schema.org\",\"@graph\":[{\"@type\":\"WebPage\",\"@id\":\"https:\\\/\\\/nuvaira.com\\\/fr\\\/media-kit\\\/\",\"url\":\"https:\\\/\\\/nuvaira.com\\\/fr\\\/media-kit\\\/\",\"name\":\"Dossier de presse - Nuvaira\",\"isPartOf\":{\"@id\":\"https:\\\/\\\/nuvaira.com\\\/fr\\\/#website\"},\"datePublished\":\"2022-04-22T20:11:23+00:00\",\"dateModified\":\"2022-05-19T14:45:50+00:00\",\"breadcrumb\":{\"@id\":\"https:\\\/\\\/nuvaira.com\\\/fr\\\/media-kit\\\/#breadcrumb\"},\"inLanguage\":\"fr-FR\",\"potentialAction\":[{\"@type\":\"ReadAction\",\"target\":[\"https:\\\/\\\/nuvaira.com\\\/fr\\\/media-kit\\\/\"]}]},{\"@type\":\"BreadcrumbList\",\"@id\":\"https:\\\/\\\/nuvaira.com\\\/fr\\\/media-kit\\\/#breadcrumb\",\"itemListElement\":[{\"@type\":\"ListItem\",\"position\":1,\"name\":\"Home\",\"item\":\"https:\\\/\\\/nuvaira.com\\\/fr\\\/\"},{\"@type\":\"ListItem\",\"position\":2,\"name\":\"Dossier de presse\"}]},{\"@type\":\"WebSite\",\"@id\":\"https:\\\/\\\/nuvaira.com\\\/fr\\\/#website\",\"url\":\"https:\\\/\\\/nuvaira.com\\\/fr\\\/\",\"name\":\"Nuvaira\",\"description\":\"\",\"potentialAction\":[{\"@type\":\"SearchAction\",\"target\":{\"@type\":\"EntryPoint\",\"urlTemplate\":\"https:\\\/\\\/nuvaira.com\\\/fr\\\/?s={search_term_string}\"},\"query-input\":{\"@type\":\"PropertyValueSpecification\",\"valueRequired\":true,\"valueName\":\"search_term_string\"}}],\"inLanguage\":\"fr-FR\"}]}<\/script>\n<!-- \/ Yoast SEO plugin. -->","yoast_head_json":{"title":"Dossier de presse - Nuvaira","robots":{"index":"index","follow":"follow","max-snippet":"max-snippet:-1","max-image-preview":"max-image-preview:large","max-video-preview":"max-video-preview:-1"},"canonical":"https:\/\/nuvaira.com\/fr\/media-kit\/","og_locale":"fr_FR","og_type":"article","og_title":"Dossier de presse - Nuvaira","og_url":"https:\/\/nuvaira.com\/fr\/media-kit\/","og_site_name":"Nuvaira","article_modified_time":"2022-05-19T14:45:50+00:00","twitter_card":"summary_large_image","schema":{"@context":"https:\/\/schema.org","@graph":[{"@type":"WebPage","@id":"https:\/\/nuvaira.com\/fr\/media-kit\/","url":"https:\/\/nuvaira.com\/fr\/media-kit\/","name":"Dossier de presse - Nuvaira","isPartOf":{"@id":"https:\/\/nuvaira.com\/fr\/#website"},"datePublished":"2022-04-22T20:11:23+00:00","dateModified":"2022-05-19T14:45:50+00:00","breadcrumb":{"@id":"https:\/\/nuvaira.com\/fr\/media-kit\/#breadcrumb"},"inLanguage":"fr-FR","potentialAction":[{"@type":"ReadAction","target":["https:\/\/nuvaira.com\/fr\/media-kit\/"]}]},{"@type":"BreadcrumbList","@id":"https:\/\/nuvaira.com\/fr\/media-kit\/#breadcrumb","itemListElement":[{"@type":"ListItem","position":1,"name":"Home","item":"https:\/\/nuvaira.com\/fr\/"},{"@type":"ListItem","position":2,"name":"Dossier de presse"}]},{"@type":"WebSite","@id":"https:\/\/nuvaira.com\/fr\/#website","url":"https:\/\/nuvaira.com\/fr\/","name":"Nuvaira","description":"","potentialAction":[{"@type":"SearchAction","target":{"@type":"EntryPoint","urlTemplate":"https:\/\/nuvaira.com\/fr\/?s={search_term_string}"},"query-input":{"@type":"PropertyValueSpecification","valueRequired":true,"valueName":"search_term_string"}}],"inLanguage":"fr-FR"}]}},"_links":{"self":[{"href":"https:\/\/nuvaira.com\/fr\/wp-json\/wp\/v2\/pages\/957","targetHints":{"allow":["GET"]}}],"collection":[{"href":"https:\/\/nuvaira.com\/fr\/wp-json\/wp\/v2\/pages"}],"about":[{"href":"https:\/\/nuvaira.com\/fr\/wp-json\/wp\/v2\/types\/page"}],"author":[{"embeddable":true,"href":"https:\/\/nuvaira.com\/fr\/wp-json\/wp\/v2\/users\/1"}],"replies":[{"embeddable":true,"href":"https:\/\/nuvaira.com\/fr\/wp-json\/wp\/v2\/comments?post=957"}],"version-history":[{"count":0,"href":"https:\/\/nuvaira.com\/fr\/wp-json\/wp\/v2\/pages\/957\/revisions"}],"wp:attachment":[{"href":"https:\/\/nuvaira.com\/fr\/wp-json\/wp\/v2\/media?parent=957"}],"curies":[{"name":"wp","href":"https:\/\/api.w.org\/{rel}","templated":true}]}}